{"id":432,"date":"2017-11-09T18:48:41","date_gmt":"2017-11-09T22:48:41","guid":{"rendered":"http:\/\/web.venezuelaestrena.com\/?page_id=432"},"modified":"2022-06-17T07:43:02","modified_gmt":"2022-06-17T11:43:02","slug":"nosotros","status":"publish","type":"page","link":"https:\/\/venezuelaestrena.site\/web\/?page_id=432","title":{"rendered":"Nosotros"},"content":{"rendered":"<p>Venezuela Estrena, es un programa para la promoci\u00f3n del cine venezolano que nace por idea de la plataforma del Cine Venezolano, y que coordina la Distribuidora de Cine Nacional Amazonia Films.<\/p>\n<p>El equipo de Venezuela Estrena cuenta con profesionales destacados en el \u00e1rea audiovisual y cinematogr\u00e1fica del pa\u00eds y tiene como objetivo fortalecer la promoci\u00f3n del cine nacional y posicionar la cartelera semanal.<\/p>\n<p>VenezuelaEstrena web est\u00e1 acompa\u00f1ado de redes sociales con el fin de crear una red de medios digitales que sea referencia para conocer del cine venezolano contempor\u00e1neo; y rescatar la identidad de nuestro cine, generando contenidos que den cuenta de la riqueza y el talento con el que contamos en Venezuela.<\/p>\n<p><strong>DIRECCI\u00d3N<\/strong> Yosmaikel Chaveco<br \/>\n<strong>PRODUCCI\u00d3N<\/strong> Ivenny Marcano<br \/>\n<strong>DESARROLLO WEB<\/strong> Deny Ruiz<br \/>\n<strong>CRITICA<\/strong>\u00a0 Luis Laya<br \/>\n<strong>PERIODISTAS<\/strong> Luis Laya, Ivenny Marcano<\/p>\n","protected":false},"excerpt":{"rendered":"<p>Venezuela Estrena, es un programa para la promoci\u00f3n del cine venezolano que nace por idea de la plataforma del Cine Venezolano, y que coordina la Distribuidora de Cine Nacional Amazonia Films. El equipo de Venezuela Estrena cuenta con profesionales destacados en el \u00e1rea audiovisual y cinematogr\u00e1fica del pa\u00eds y tiene como objetivo fortalecer la promoci\u00f3n &hellip;<\/p>\n","protected":false},"author":1,"featured_media":165,"parent":2,"menu_order":0,"comment_status":"closed","ping_status":"closed","template":"","meta":{"footnotes":""},"class_list":["post-432","page","type-page","status-publish","has-post-thumbnail","hentry"],"jetpack_shortlink":"https:\/\/wp.me\/P9gnTP-6Y","jetpack_sharing_enabled":true,"_links":{"self":[{"href":"https:\/\/venezuelaestrena.site\/web\/index.php?rest_route=\/wp\/v2\/pages\/432","targetHints":{"allow":["GET"]}}],"collection":[{"href":"https:\/\/venezuelaestrena.site\/web\/index.php?rest_route=\/wp\/v2\/pages"}],"about":[{"href":"https:\/\/venezuelaestrena.site\/web\/index.php?rest_route=\/wp\/v2\/types\/page"}],"author":[{"embeddable":true,"href":"https:\/\/venezuelaestrena.site\/web\/index.php?rest_route=\/wp\/v2\/users\/1"}],"replies":[{"embeddable":true,"href":"https:\/\/venezuelaestrena.site\/web\/index.php?rest_route=%2Fwp%2Fv2%2Fcomments&post=432"}],"version-history":[{"count":3,"href":"https:\/\/venezuelaestrena.site\/web\/index.php?rest_route=\/wp\/v2\/pages\/432\/revisions"}],"predecessor-version":[{"id":1324,"href":"https:\/\/venezuelaestrena.site\/web\/index.php?rest_route=\/wp\/v2\/pages\/432\/revisions\/1324"}],"up":[{"embeddable":true,"href":"https:\/\/venezuelaestrena.site\/web\/index.php?rest_route=\/wp\/v2\/pages\/2"}],"wp:featuredmedia":[{"embeddable":true,"href":"https:\/\/venezuelaestrena.site\/web\/index.php?rest_route=\/wp\/v2\/media\/165"}],"wp:attachment":[{"href":"https:\/\/venezuelaestrena.site\/web\/index.php?rest_route=%2Fwp%2Fv2%2Fmedia&parent=432"}],"curies":[{"name":"wp","href":"https:\/\/api.w.org\/{rel}","templated":true}]}}